{"id":27,"date":"2016-06-21T22:38:18","date_gmt":"2016-06-21T21:38:18","guid":{"rendered":"http:\/\/the7.dream-demo.com\/demo\/construction\/?page_id=27"},"modified":"2025-12-30T10:39:19","modified_gmt":"2025-12-30T09:39:19","slug":"services","status":"publish","type":"page","link":"https:\/\/www.tba-sachsen.de\/?page_id=27","title":{"rendered":"Leistungen"},"content":{"rendered":"<p>[vc_row type=&#8220;vc_default&#8220; gap=&#8220;30&#8243; equal_height=&#8220;yes&#8220; css=&#8220;.vc_custom_1474276803600{margin-top: -15px !important;margin-bottom: -15px !important;padding-right: 25px !important;padding-left: 25px !important;}&#8220;][vc_column width=&#8220;1\/2&#8243; css=&#8220;.vc_custom_1465512664873{padding-top: 0px !important;padding-right: 0px !important;padding-bottom: 0px !important;padding-left: 0px !important;background-color: #f4f4f4 !important;}&#8220;]<div class=\"ult-content-box-container \" >\t\t<div class=\"ult-content-box\" style=\"box-shadow: px px px px #f7f7f7 none;padding-top:25px;padding-right:30px;padding-bottom:25px;padding-left:30px;-webkit-transition: all 700ms ease;-moz-transition: all 700ms ease;-ms-transition: all 700ms ease;-o-transition: all 700ms ease;transition: all 700ms ease;\"  data-hover_box_shadow=\"none\"    ><div id=\"ultimate-heading-137669f44050b8658\" class=\"uvc-heading ult-adjust-bottom-margin ultimate-heading-137669f44050b8658 uvc-7603 \" data-hspacer=\"no_spacer\"  data-halign=\"left\" style=\"text-align:left\"><div class=\"uvc-heading-spacer no_spacer\" style=\"top\"><\/div><div class=\"uvc-main-heading ult-responsive\"  data-ultimate-target='.uvc-heading.ultimate-heading-137669f44050b8658 h2'  data-responsive-json-new='{\"font-size\":\"desktop:22px;\",\"line-height\":\"desktop:28px;\"}' ><h2 style=\"--font-weight:theme;margin-bottom:10px;\">Gesetzeskonforme, stabile und zuverl\u00e4ssige Verwertung von<\/h2><\/div><\/div>[vc_column_text css=&#8220;.vc_custom_1767087556473{padding-bottom: 20px !important;}&#8220;]<\/p>\n<ul>\n<li style=\"list-style-type: none;\">\n<ul>\n<li>verendeten Tieren entsprechend Tiergesundheitsgesetz\u00a0aus der Landwirtschaft, Wildtieren sowie allen Tieren aus privater Haltung und Tierheimen<\/li>\n<li>sonstigen tierischen Nebenprodukten, z.B. Konfiskaten, Blut, Federn, Knochen und Br\u00fctereiabfl\u00e4lle<\/li>\n<li><\/li>\n<li>\u00a0<a href=\"https:\/\/www.tba-sachsen.de\/wp-content\/uploads\/2025\/12\/Gebuehrenverzeichnis_Stand-01.01.2026.pdf\">Geb\u00fchrenverzeichnis_Stand 01.01.2026<\/a><\/li>\n<li><a href=\"https:\/\/www.tba-sachsen.de\/wp-content\/uploads\/2025\/12\/Gebuehrensatzung_11.Aenderung.pdf\">Geb\u00fchrensatzung_11.\u00c4nderung<\/a><\/li>\n<\/ul>\n<\/li>\n<\/ul>\n<ul>\n<li><strong><b>In dringenden Notf\u00e4llen ist die Abholung von gr\u00f6\u00dferen Mengen Tierk\u00f6rpern an Feiertagen und Wochenenden als Sonderentsorgung \u00fcber die zust\u00e4ndige Rettungsleitstelle zu veranlassen.<\/b><\/strong><\/li>\n<\/ul>\n<p>[\/vc_column_text]\t\t<\/div><\/div>[\/vc_column][vc_column width=&#8220;1\/2&#8243; css=&#8220;.vc_custom_1465513512966{padding-top: 0px !important;padding-right: 0px !important;padding-bottom: 0px !important;padding-left: 0px !important;background-color: #f4f4f4 !important;}&#8220;]<div class=\"ult-content-box-container \" >\t\t<div class=\"ult-content-box\" style=\"box-shadow: px px px px #f7f7f7 none;padding-top:25px;padding-right:30px;padding-bottom:25px;padding-left:30px;-webkit-transition: all 700ms ease;-moz-transition: all 700ms ease;-ms-transition: all 700ms ease;-o-transition: all 700ms ease;transition: all 700ms ease;\"  data-hover_box_shadow=\"none\"    ><div id=\"ultimate-heading-259169f44050b86b7\" class=\"uvc-heading ult-adjust-bottom-margin ultimate-heading-259169f44050b86b7 uvc-7245 \" data-hspacer=\"no_spacer\"  data-halign=\"left\" style=\"text-align:left\"><div class=\"uvc-heading-spacer no_spacer\" style=\"top\"><\/div><div class=\"uvc-main-heading ult-responsive\"  data-ultimate-target='.uvc-heading.ultimate-heading-259169f44050b86b7 h2'  data-responsive-json-new='{\"font-size\":\"desktop:22px;\",\"line-height\":\"desktop:28px;\"}' ><h2 style=\"--font-weight:theme;margin-bottom:10px;\">Zertifizierter Fachbetrieb<\/h2><\/div><\/div>[vc_column_text css=&#8220;.vc_custom_1493102881052{padding-bottom: 20px !important;}&#8220;][\/vc_column_text][vc_single_image image=&#8220;1145&#8243; img_size=&#8220;full&#8220; alignment=&#8220;center&#8220;]\t\t<\/div><\/div>[vc_column_text]\u00d6ffnungszeiten<\/p>\n<p>Mo-Do\u00a0 7.00-16.00 Uhr<\/p>\n<p>Fr\u00a0 \u00a0 \u00a0 \u00a0 \u00a0 7.00-15.00 Uhr[\/vc_column_text][\/vc_column][\/vc_row][vc_row][vc_column][\/vc_column][\/vc_row]<\/p>\n","protected":false},"excerpt":{"rendered":"<p>[vc_row type=&#8220;vc_default&#8220; gap=&#8220;30&#8243; equal_height=&#8220;yes&#8220; css=&#8220;.vc_custom_1474276803600{margin-top: -15px !important;margin-bottom: -15px !important;padding-right: 25px !important;padding-left: 25px !important;}&#8220;][vc_column width=&#8220;1\/2&#8243; css=&#8220;.vc_custom_1465512664873{padding-top: 0px !important;padding-right: 0px !important;padding-bottom: 0px !important;padding-left: 0px !important;background-color: #f4f4f4 !important;}&#8220;][\/vc_column][vc_column width=&#8220;1\/2&#8243; css=&#8220;.vc_custom_1465513512966{padding-top: 0px !important;padding-right: 0px !important;padding-bottom: 0px !important;padding-left: 0px !important;background-color: #f4f4f4 !important;}&#8220;][vc_column_text]\u00d6ffnungszeiten Mo-Do\u00a0 7.00-16.00 Uhr Fr\u00a0 \u00a0 \u00a0 \u00a0 \u00a0 7.00-15.00 Uhr[\/vc_column_text][\/vc_column][\/vc_row][vc_row][vc_column][\/vc_column][\/vc_row]<\/p>\n","protected":false},"author":1,"featured_media":0,"parent":0,"menu_order":2,"comment_status":"closed","ping_status":"closed","template":"","meta":{"footnotes":""},"_links":{"self":[{"href":"https:\/\/www.tba-sachsen.de\/index.php?rest_route=\/wp\/v2\/pages\/27"}],"collection":[{"href":"https:\/\/www.tba-sachsen.de\/index.php?rest_route=\/wp\/v2\/pages"}],"about":[{"href":"https:\/\/www.tba-sachsen.de\/index.php?rest_route=\/wp\/v2\/types\/page"}],"author":[{"embeddable":true,"href":"https:\/\/www.tba-sachsen.de\/index.php?rest_route=\/wp\/v2\/users\/1"}],"replies":[{"embeddable":true,"href":"https:\/\/www.tba-sachsen.de\/index.php?rest_route=%2Fwp%2Fv2%2Fcomments&post=27"}],"version-history":[{"count":24,"href":"https:\/\/www.tba-sachsen.de\/index.php?rest_route=\/wp\/v2\/pages\/27\/revisions"}],"predecessor-version":[{"id":2359,"href":"https:\/\/www.tba-sachsen.de\/index.php?rest_route=\/wp\/v2\/pages\/27\/revisions\/2359"}],"wp:attachment":[{"href":"https:\/\/www.tba-sachsen.de\/index.php?rest_route=%2Fwp%2Fv2%2Fmedia&parent=27"}],"curies":[{"name":"wp","href":"https:\/\/api.w.org\/{rel}","templated":true}]}}