{"id":154,"date":"2016-06-23T11:12:53","date_gmt":"2016-06-23T10:12:53","guid":{"rendered":"http:\/\/the7.dream-demo.com\/demo\/construction\/?page_id=154"},"modified":"2017-04-25T06:57:47","modified_gmt":"2017-04-25T06:57:47","slug":"about-us","status":"publish","type":"page","link":"https:\/\/www.tba-sachsen.de\/?page_id=154","title":{"rendered":"Wir \u00fcber uns"},"content":{"rendered":"<p>[vc_row type=&#8220;vc_default&#8220; margin_top=&#8220;5&#8243; margin_bottom=&#8220;15&#8243; css=&#8220;.vc_custom_1474269825824{padding-bottom: 20px !important;}&#8220;][vc_column offset=&#8220;vc_col-lg-6 vc_col-md-6 vc_col-xs-12&#8243; css=&#8220;.vc_custom_1474269863774{padding-bottom: 60px !important;}&#8220;][vc_column_text css=&#8220;.vc_custom_1493103455816{padding-top: 30px !important;}&#8220;]Der Zweckverband f\u00fcr Tierk\u00f6rperbeseitigung Lenz wurde 1991 mit den Landkreisen des Regierungsbezirkes Dresden gegr\u00fcndet. Seit 1994 erfolgt auch die Entsorgung im Regierungsbezirk Leipzig. 2004 trat der Zweckverband des Regierungsbezirkes Chemnitz dem Zweckverband Lenz bei. Damit sind heute alle 10 Landkreise und die 3 kreisfreien St\u00e4dte des Freistaates Sachsen Mitglieder\u00a0des Zweckverbandes f\u00fcr Tierk\u00f6rperbeseitigung Sachsen.<\/p>\n<p>Die damit geschaffene Struktur und ein in Sachsen zentral gelegener moderner Verwertungsbetrieb f\u00fchren unter Ber\u00fccksichtigung der vergleichsweise geringen Bestands- und vor allem Verarbeitungsdichte zu ma\u00dfvollen Entsorgungskosten. Tierk\u00f6rper und tierische Nebenprodukte werden bei einer Temperatur von mindestens 133\u00b0C und einem Druck von 3 bar 20 Minuten sterilisiert &#8211; das entstehende Tierfett und Tiermehl dient als Rohstoff bzw. als Brennersatzmaterial in der Industrie. Abw\u00e4sser und Geruchsemissionen werden mittels moderner Technik gereinigt bzw. gefiltert.<\/p>\n<p>Gleichzeitig wird damit die zweite wichtige Aufgabe erf\u00fcllt &#8211; f\u00fcr den Notfall auftretender Tierseuchen\u00a0wird ausreichend Entsorgungskapazit\u00e4t vorgehalten &#8211; zum Schutz von Mensch und Tier.[\/vc_column_text][\/vc_column][vc_column offset=&#8220;vc_col-lg-6 vc_col-md-6 vc_col-xs-12&#8243; css=&#8220;.vc_custom_1474269879377{padding-bottom: 60px !important;}&#8220;][vc_empty_space height=&#8220;130px&#8220;][vc_single_image image=&#8220;830&#8243; img_size=&#8220;large&#8220; alignment=&#8220;center&#8220; style=&#8220;vc_box_border&#8220; onclick=&#8220;link_image&#8220; lazy_loading=&#8220;true&#8220;][\/vc_column][\/vc_row]<\/p>\n","protected":false},"excerpt":{"rendered":"<p>[vc_row type=&#8220;vc_default&#8220; margin_top=&#8220;5&#8243; margin_bottom=&#8220;15&#8243; css=&#8220;.vc_custom_1474269825824{padding-bottom: 20px !important;}&#8220;][vc_column offset=&#8220;vc_col-lg-6 vc_col-md-6 vc_col-xs-12&#8243; css=&#8220;.vc_custom_1474269863774{padding-bottom: 60px !important;}&#8220;][vc_column_text css=&#8220;.vc_custom_1493103455816{padding-top: 30px !important;}&#8220;]Der Zweckverband f\u00fcr Tierk\u00f6rperbeseitigung Lenz wurde 1991 mit den Landkreisen des Regierungsbezirkes Dresden gegr\u00fcndet. Seit 1994 erfolgt auch die Entsorgung im Regierungsbezirk Leipzig. 2004 trat der Zweckverband des Regierungsbezirkes Chemnitz dem Zweckverband Lenz bei. Damit sind heute alle 10 Landkreise&hellip;<\/p>\n","protected":false},"author":1,"featured_media":0,"parent":0,"menu_order":1,"comment_status":"closed","ping_status":"closed","template":"","meta":{"footnotes":""},"_links":{"self":[{"href":"https:\/\/www.tba-sachsen.de\/index.php?rest_route=\/wp\/v2\/pages\/154"}],"collection":[{"href":"https:\/\/www.tba-sachsen.de\/index.php?rest_route=\/wp\/v2\/pages"}],"about":[{"href":"https:\/\/www.tba-sachsen.de\/index.php?rest_route=\/wp\/v2\/types\/page"}],"author":[{"embeddable":true,"href":"https:\/\/www.tba-sachsen.de\/index.php?rest_route=\/wp\/v2\/users\/1"}],"replies":[{"embeddable":true,"href":"https:\/\/www.tba-sachsen.de\/index.php?rest_route=%2Fwp%2Fv2%2Fcomments&post=154"}],"version-history":[{"count":16,"href":"https:\/\/www.tba-sachsen.de\/index.php?rest_route=\/wp\/v2\/pages\/154\/revisions"}],"predecessor-version":[{"id":884,"href":"https:\/\/www.tba-sachsen.de\/index.php?rest_route=\/wp\/v2\/pages\/154\/revisions\/884"}],"wp:attachment":[{"href":"https:\/\/www.tba-sachsen.de\/index.php?rest_route=%2Fwp%2Fv2%2Fmedia&parent=154"}],"curies":[{"name":"wp","href":"https:\/\/api.w.org\/{rel}","templated":true}]}}